{"id":7277,"date":"2025-05-20T08:42:28","date_gmt":"2025-05-20T11:42:28","guid":{"rendered":"https:\/\/smardes.shop\/?post_type=product&#038;p=7277"},"modified":"2025-10-02T12:50:42","modified_gmt":"2025-10-02T15:50:42","slug":"cam-rafli-teshir-standi-sabit-gold-2","status":"publish","type":"product","link":"https:\/\/smardes.shop\/en\/\u00fcr\u00fcn\/cam-rafli-teshir-standi-sabit-gold-2\/","title":{"rendered":"Glass Shelf Display Stand \u2013 Fixed \u2013 Gold"},"content":{"rendered":"<table style=\"width: 100%;\">\n<tbody>\n<tr style=\"text-align: center; border: solid 1px #cccccc;\">\n<th style=\"text-align: center; border: solid 1px #cccccc;\"><i class=\"fas fa-history\" style=\"font-size: 32px;\"><\/i><br \/>\n<span style=\"color: #0c3b5d;\">2 Year Warranty<\/span><\/th>\n<th style=\"text-align: center; border: solid 1px #cccccc;\"><i class=\"fas fa-truck\" style=\"font-size: 32px;\"><\/i><br \/>\n<span style=\"color: #0c3b5d;\">Free Delivery<\/span><\/th>\n<th style=\"text-align: center; border: solid 1px #cccccc;\"><i class=\"fas fa-tools\" style=\"font-size: 32px;\"><\/i><br \/>\n<span style=\"color: #0c3b5d;\">Free Installation<\/span><\/th>\n<th style=\"text-align: center; border: solid 1px #cccccc;\"><i class=\"fa fa-palette\" style=\"font-size: 32px;\"><\/i><br \/>\n<span style=\"color: #0c3b5d;\">Colour Options<\/span><\/th>\n<\/tr>\n<\/tbody>\n<\/table>\n<h3><span style=\"color: #0c3b5d;\">Product Description<\/span><\/h3>\n<hr \/>\n<p><b>\u015e\u0131k ve \u0130\u015flevsel \u00c7\u00f6z\u00fcmler<\/b><\/p>\n<p>Kullan\u0131laca\u011f\u0131 sekt\u00f6r\u00fcn ve \u00fcr\u00fcn grubunun nitelikleri g\u00f6z \u00f6n\u00fcnde bulundurularak tasarlanan Konfeksiyon ve Giyim Stantlar\u0131, estetik ve i\u015flevselli\u011fi bir araya getiren \u00e7\u00f6z\u00fcmler sunar.<\/p>\n<p><b>M\u00fc\u015fteri Deneyiminizi Y\u00fckseltin!<\/b><\/p>\n<p>Konfeksiyon ve giyim ma\u011fazalar\u0131 esteti\u011fin ve d\u00fczenin \u00f6n planda oldu\u011fu \u00f6zel sat\u0131\u015f noktalar\u0131d\u0131r. Bu nedenle bu sekt\u00f6rde terccih edilen stantlar\u0131n, ma\u011fazan\u0131n dekoratif yap\u0131s\u0131na uygunlu\u011fu ve m\u00fc\u015fteri deneyimine sa\u011flayaca\u011f\u0131 pozitif katk\u0131 b\u00fcy\u00fck \u00f6nem ta\u015f\u0131maktad\u0131r.<\/p>\n<p><b>Fiyat &amp; Performans Optimizasyonu<\/b><\/p>\n<p>B\u00fct\u00e7eniz, \u00fcr\u00fcnlerinizin \u00f6zellikleri ve ma\u011fazan\u0131n nitelikleri g\u00f6z \u00f6n\u00fcnde bulundurularak y\u00fcr\u00fct\u00fclen tasar\u0131m \u00e7al\u0131\u015fmalar\u0131 neticesinde, ihtiyac\u0131n\u0131za en uygun \u00fcr\u00fcn\u00fc en uygun b\u00fct\u00e7e dahilinde sat\u0131n alman\u0131z sa\u011flan\u0131r.<\/p>","protected":false},"excerpt":{"rendered":"<p>Konfeksiyon &amp; Giyim Stantlar\u0131 \u00dcr\u00fcn 1&#8242; in K\u0131sa A\u00e7\u0131klamas\u0131d\u0131r!<\/p>","protected":false},"featured_media":7226,"comment_status":"closed","ping_status":"closed","template":"","meta":[],"product_brand":[],"product_cat":[207,173],"product_tag":[175],"brand":[],"class_list":{"0":"post-7277","1":"product","2":"type-product","3":"status-publish","4":"has-post-thumbnail","6":"product_cat-konfeksiyon-giyim-stantlari","7":"product_cat-perakende-cozumleri","8":"product_tag-standlar","9":"pa_govde-rengi-kirmizi","10":"pa_govde-rengi-siyah","11":"pa_govde-rengi-yesil","13":"first","14":"instock","15":"shipping-taxable","16":"purchasable","17":"product-type-variable"},"_links":{"self":[{"href":"https:\/\/smardes.shop\/en\/wp-json\/wp\/v2\/product\/7277","targetHints":{"allow":["GET"]}}],"collection":[{"href":"https:\/\/smardes.shop\/en\/wp-json\/wp\/v2\/product"}],"about":[{"href":"https:\/\/smardes.shop\/en\/wp-json\/wp\/v2\/types\/product"}],"replies":[{"embeddable":true,"href":"https:\/\/smardes.shop\/en\/wp-json\/wp\/v2\/comments?post=7277"}],"wp:featuredmedia":[{"embeddable":true,"href":"https:\/\/smardes.shop\/en\/wp-json\/wp\/v2\/media\/7226"}],"wp:attachment":[{"href":"https:\/\/smardes.shop\/en\/wp-json\/wp\/v2\/media?parent=7277"}],"wp:term":[{"taxonomy":"product_brand","embeddable":true,"href":"https:\/\/smardes.shop\/en\/wp-json\/wp\/v2\/product_brand?post=7277"},{"taxonomy":"product_cat","embeddable":true,"href":"https:\/\/smardes.shop\/en\/wp-json\/wp\/v2\/product_cat?post=7277"},{"taxonomy":"product_tag","embeddable":true,"href":"https:\/\/smardes.shop\/en\/wp-json\/wp\/v2\/product_tag?post=7277"},{"taxonomy":"brand","embeddable":true,"href":"https:\/\/smardes.shop\/en\/wp-json\/wp\/v2\/brand?post=7277"}],"curies":[{"name":"wp","href":"https:\/\/api.w.org\/{rel}","templated":true}]}}