{"id":6009,"date":"2025-05-18T18:40:22","date_gmt":"2025-05-18T21:40:22","guid":{"rendered":"https:\/\/smardes.shop\/?post_type=product&#038;p=6009"},"modified":"2025-10-02T13:00:52","modified_gmt":"2025-10-02T16:00:52","slug":"gitterbox","status":"publish","type":"product","link":"https:\/\/smardes.shop\/en\/%c3%bcr%c3%bcn\/gitterbox\/","title":{"rendered":"<br>Gitterbox"},"content":{"rendered":"<table style=\"width: 100%;\">\n<tbody>\n<tr style=\"text-align: center; border: solid 1px #cccccc;\">\n<th style=\"text-align: center; border: solid 1px #cccccc;\"><i class=\"fas fa-history\" style=\"font-size: 32px;\"><\/i><br \/>\n<span style=\"color: #0c3b5d;\">2 Year Warranty<\/span><\/th>\n<th style=\"text-align: center; border: solid 1px #cccccc;\"><i class=\"fas fa-truck\" style=\"font-size: 32px;\"><\/i><br \/>\n<span style=\"color: #0c3b5d;\">Free Delivery<\/span><\/th>\n<th style=\"text-align: center; border: solid 1px #cccccc;\"><i class=\"fas fa-tools\" style=\"font-size: 32px;\"><\/i><br \/>\n<span style=\"color: #0c3b5d;\">Free Installation<\/span><\/th>\n<th style=\"text-align: center; border: solid 1px #cccccc;\"><i class=\"fa fa-palette\" style=\"font-size: 32px;\"><\/i><br \/>\n<span style=\"color: #0c3b5d;\">Colour Options<\/span><\/th>\n<\/tr>\n<\/tbody>\n<\/table>\n<h3><span style=\"color: #0c3b5d;\">Product Description<\/span><\/h3>\n<hr \/>\n<div class=\"ewa-rteLine\">\n<p>Gitterboxes are one of the most well-known material handling units in the industry. The metal boxes weigh approximately 70 kg and have a volume of approximately 0.8 m\u00b3. Each box can carry a load of up to 1500 kg and the maximum capacity can reach 6000 kg when multiple boxes are stacked on top of each other. As mentioned above, Gitterboxes can be stacked up to seven high, in which case it is important not to load more than 1500 kg per box.<\/p>\n<\/div>\n<div class=\"ewa-rteLine\">On the front of the Gitterbox pallet, there are two flaps that allow the box to be opened and closed. These flaps also facilitate the loading of goods into storage units. As a standard, the year of manufacture and the name of the manufacturer must be marked on each Gitterbox. According to UIC 435-3 standard, Gitterbox quality is an important criterion and critical, major and minor defects are evaluated in detail in our industry.<\/div>","protected":false},"excerpt":{"rendered":"<p>2 Y\u0131l Garanti \u00dccretsiz Teslimat \u00dccretsiz Kurulum Renk Se\u00e7enekli \u00dcr\u00fcn A\u00e7\u0131klamas\u0131 Gitterboxlar, sekt\u00f6rde en \u00e7ok bilinen malzeme ta\u015f\u0131ma \u00fcnitelerinden biridir. Metal kutular yakla\u015f\u0131k 70 kg a\u011f\u0131rl\u0131\u011f\u0131nda olup, yakla\u015f\u0131k 0,8 m\u00b3 hacme sahiptir. Her bir kutu 1500 kg\u2019a kadar y\u00fck ta\u015f\u0131yabilir ve birden fazla kutu \u00fcst \u00fcste istiflendi\u011finde maksimum kapasite 6000 kg\u2019a ula\u015fabilir. Yukar\u0131da belirtildi\u011fi gibi, [&hellip;]<\/p>\n","protected":false},"featured_media":5744,"comment_status":"closed","ping_status":"closed","template":"","meta":[],"product_brand":[],"product_cat":[168,191],"product_tag":[172],"brand":[],"class_list":{"0":"post-6009","1":"product","2":"type-product","3":"status-publish","4":"has-post-thumbnail","6":"product_cat-endustriyel-urunler","7":"product_cat-katlanir-tasima-kasalari","8":"product_tag-tasima-kasalari","9":"pa_malzeme-kaplama-turu-elektro-galvaniz-kaplama-fffeff","10":"pa_malzeme-kaplama-turu-1000-green-beiged-d6c794","11":"pa_malzeme-kaplama-turu-1001-beige-d9ba8c","12":"pa_malzeme-kaplama-turu-1002-sand-yellow-d6b075","13":"pa_malzeme-kaplama-turu-1003-signal-yellow-fca329","14":"pa_malzeme-kaplama-turu-1004-golden-yellow-e39624","15":"pa_malzeme-kaplama-turu-1005-honey-yellow-c98721","16":"pa_malzeme-kaplama-turu-1006-maize-yellow-e0821f","17":"pa_malzeme-kaplama-turu-1007-daffodil-yellow-e37a1f","18":"pa_malzeme-kaplama-turu-1011-brown-beige-ad7a4f","19":"pa_malzeme-kaplama-turu-1012-lemon-yellow-e3b838","20":"pa_malzeme-kaplama-turu-1013-oyster-white-fff5e3","21":"pa_malzeme-kaplama-turu-1014-ivory-f0d6ab","22":"pa_malzeme-kaplama-turu-1015-light-ivory-fcebcc","23":"pa_malzeme-kaplama-turu-1016-sulfur-yellow-fff542","24":"pa_malzeme-kaplama-turu-1017-saffron-yellow-ffab59","25":"pa_malzeme-kaplama-turu-1018-zinc-yellow-ffd64d","26":"pa_malzeme-kaplama-turu-1019-grey-beige-a38c7a","27":"pa_malzeme-kaplama-turu-1021-rape-yellow-fcbd1f","28":"pa_malzeme-kaplama-turu-1023-traffic-yellow-fcb821","29":"pa_malzeme-kaplama-turu-1026-luminous-yellow-ffff0a","30":"pa_malzeme-kaplama-turu-1027-curry-997521","31":"pa_malzeme-kaplama-turu-1028-melon-yellow-ff8c1a","32":"pa_malzeme-kaplama-turu-1032-broom-yellow-e3a329","33":"pa_malzeme-kaplama-turu-1033-dahlia-yellow-ff9436","34":"pa_malzeme-kaplama-turu-1034-pastel-yellow-f7995c","35":"pa_malzeme-kaplama-turu-1035-pearl-beige-6a5d4d","36":"pa_malzeme-kaplama-turu-1037-sun-yellow-efa921","37":"pa_malzeme-kaplama-turu-2000-yellow-orange-e05e1f","38":"pa_malzeme-kaplama-turu-2002-vermilion-cc241c","39":"pa_malzeme-kaplama-turu-2003-pastel-orange-ff6336","40":"pa_malzeme-kaplama-turu-2004-pure-orange-f23b1c","41":"pa_malzeme-kaplama-turu-2005-luminous-orange-fc1c14","42":"pa_malzeme-kaplama-turu-2008-bright-red-orange-fa4f29","43":"pa_malzeme-kaplama-turu-2009-traffic-orange-eb3b1c","44":"pa_malzeme-kaplama-turu-2010-signal-orange-d44529","45":"pa_malzeme-kaplama-turu-2011-deep-orange-ed5c29","46":"pa_malzeme-kaplama-turu-3000-flame-red-ab1f1c","47":"pa_malzeme-kaplama-turu-3001-signal-red-a3171a","48":"pa_malzeme-kaplama-turu-3002-carmine-red-a31a1a","49":"pa_malzeme-kaplama-turu-3003-ruby-red-8a1214","50":"pa_malzeme-kaplama-turu-3004-purple-red-690f14","51":"pa_malzeme-kaplama-turu-3005-wine-red-4f121a","52":"pa_malzeme-kaplama-turu-3007-black-red-2e121a","53":"pa_malzeme-kaplama-turu-3011-brown-red-781417","54":"pa_malzeme-kaplama-turu-3013-tomato-red-961f1c","55":"pa_malzeme-kaplama-turu-3015-light-pink-e89cb5","56":"pa_malzeme-kaplama-turu-3016-coral-red-a62426","57":"pa_malzeme-kaplama-turu-3018-strawberry-red-cf2942","58":"pa_malzeme-kaplama-turu-3020-traffic-red-631712","59":"pa_malzeme-kaplama-turu-3022-salmon-pink-d9594f","60":"pa_malzeme-kaplama-turu-3024-luminous-red-fc0a1c","61":"pa_malzeme-kaplama-turu-3027-raspberry-red-b51233","62":"pa_malzeme-kaplama-turu-3028-pure-red-e72512","63":"pa_malzeme-kaplama-turu-4002-red-violet-8f2640","64":"pa_malzeme-kaplama-turu-4003-heather-violet-c9388c","65":"pa_malzeme-kaplama-turu-4004-claret-violet-5e082b","66":"pa_malzeme-kaplama-turu-4005-blue-lilac-633d9c","67":"pa_malzeme-kaplama-turu-4006-traffic-purple-910f66","68":"pa_malzeme-kaplama-turu-4008-signal-violet-7d1f7a","69":"pa_malzeme-kaplama-turu-4009-pastel-violet-9e7394","70":"pa_malzeme-kaplama-turu-4010-telemagenta-bf1773","71":"pa_malzeme-kaplama-turu-5000-violet-blue-17336b","72":"pa_malzeme-kaplama-turu-5002-ultramarine-blue-000f75","73":"pa_malzeme-kaplama-turu-5003-sapphire-blue-001745","74":"pa_malzeme-kaplama-turu-5005-signal-blue-002e7a","75":"pa_malzeme-kaplama-turu-5007-brilliant-blue-264f87","76":"pa_malzeme-kaplama-turu-5008-grey-blue-1a2938","77":"pa_malzeme-kaplama-turu-5009-azure-blue-174570","78":"pa_malzeme-kaplama-turu-5010-gentian-blue-002b70","79":"pa_malzeme-kaplama-turu-5011-steel-blue-03142e","80":"pa_malzeme-kaplama-turu-5012-light-blue-2973b8","81":"pa_malzeme-kaplama-turu-5013-cobalt-blue-001245","82":"pa_malzeme-kaplama-turu-5014-pigeon-blue-4d6999","83":"pa_malzeme-kaplama-turu-5015-sky-blue-1761ab","84":"pa_malzeme-kaplama-turu-5017-traffic-blue-003b80","85":"pa_malzeme-kaplama-turu-5018-turquoise-blue-389482","86":"pa_malzeme-kaplama-turu-5019-capri-blue-0a4278","87":"pa_malzeme-kaplama-turu-5020-ocean-blue-053333","88":"pa_malzeme-kaplama-turu-5021-water-blue-1a7a63","89":"pa_malzeme-kaplama-turu-5022-night-blue-00084f","90":"pa_malzeme-kaplama-turu-5023-distant-blue-2e528f","91":"pa_malzeme-kaplama-turu-5024-pastel-blue-578cb5","92":"pa_malzeme-kaplama-turu-5025-pearl-gentian-blue-296478","93":"pa_malzeme-kaplama-turu-6000-patina-green-337854","94":"pa_malzeme-kaplama-turu-6001-emerald-green-266629","95":"pa_malzeme-kaplama-turu-6002-leaf-green-265721","96":"pa_malzeme-kaplama-turu-6003-olive-green-3d452e","97":"pa_malzeme-kaplama-turu-6004-blue-green-0d3b2e","98":"pa_malzeme-kaplama-turu-6005-moss-green-0a381f","99":"pa_malzeme-kaplama-turu-6007-bottle-green-1c2617","100":"pa_malzeme-kaplama-turu-6009-fir-green-17291c","101":"pa_malzeme-kaplama-turu-6010-grass-green-366926","102":"pa_malzeme-kaplama-turu-6011-reseda-green-5e7d4f","103":"pa_malzeme-kaplama-turu-6012-black-green-1f2e2b","104":"pa_malzeme-kaplama-turu-6013-reed-green-75734f","105":"pa_malzeme-kaplama-turu-6014-yellow-olive-333026","106":"pa_malzeme-kaplama-turu-6016-turquoise-green-0f7033","107":"pa_malzeme-kaplama-turu-6017-may-green-408236","108":"pa_malzeme-kaplama-turu-6018-yellow-green-4ea833","109":"pa_malzeme-kaplama-turu-6019-pastel-green-bfe3ba","110":"pa_malzeme-kaplama-turu-6021-pale-green-85a67a","111":"pa_malzeme-kaplama-turu-6024-traffic-green-249140","112":"pa_malzeme-kaplama-turu-6025-fern-green-4a6e33","113":"pa_malzeme-kaplama-turu-6026-opal-green-0a5c33","114":"pa_malzeme-kaplama-turu-6027-light-green-7dccbd","115":"pa_malzeme-kaplama-turu-6028-pine-green-264a33","116":"pa_malzeme-kaplama-turu-6029-mint-green-127826","117":"pa_malzeme-kaplama-turu-6032-signal-green-298a40","118":"pa_malzeme-kaplama-turu-6034-pastel-turquoise-7dbdb5","119":"pa_malzeme-kaplama-turu-6037-pure-green-25e712","120":"pa_malzeme-kaplama-turu-7000-squirrel-grey-738591","121":"pa_malzeme-kaplama-turu-7001-silver-grey-8794a6","122":"pa_malzeme-kaplama-turu-7002-olive-grey-7a7561","123":"pa_malzeme-kaplama-turu-7004-signal-grey-9c9ca6","124":"pa_malzeme-kaplama-turu-7005-mouse-grey-616969","125":"pa_malzeme-kaplama-turu-7011-iron-grey-404a54","126":"pa_malzeme-kaplama-turu-7012-basalt-grey-4a5459","127":"pa_malzeme-kaplama-turu-7015-slate-grey-3d4252","128":"pa_malzeme-kaplama-turu-7016-charcoal-262e38","129":"pa_malzeme-kaplama-turu-7021-black-grey-1a2129","130":"pa_malzeme-kaplama-turu-7022-umbra-grey-3d3d3b","131":"pa_malzeme-kaplama-turu-7023-concrete-grey-7a7d75","132":"pa_malzeme-kaplama-turu-7024-graphite-grey-303845","133":"pa_malzeme-kaplama-turu-7026-granite-grey-263338","134":"pa_malzeme-kaplama-turu-7030-stone-grey-918f87","135":"pa_malzeme-kaplama-turu-7031-blue-grey-4d5c6b","136":"pa_malzeme-kaplama-turu-7032-pebble-grey-bdbaab","137":"pa_malzeme-kaplama-turu-7034-yellow-grey-8f8770","138":"pa_malzeme-kaplama-turu-7035-light-grey-d4d9db","139":"pa_malzeme-kaplama-turu-7036-platinum-grey-9e969c","140":"pa_malzeme-kaplama-turu-7037-dusty-grey-7a7d80","141":"pa_malzeme-kaplama-turu-7038-agate-grey-babdba","142":"pa_malzeme-kaplama-turu-7039-quartz-grey-615e59","143":"pa_malzeme-kaplama-turu-7040-window-grey-9ea3b0","144":"pa_malzeme-kaplama-turu-7042-traffic-grey-a-8f9699","145":"pa_malzeme-kaplama-turu-7043-traffic-grey-b-404545","146":"pa_malzeme-kaplama-turu-7044-silk-grey-c2bfb8","147":"pa_malzeme-kaplama-turu-7045-telegrey-1-8f949e","148":"pa_malzeme-kaplama-turu-7046-telegrey-2-78828c","149":"pa_malzeme-kaplama-turu-7047-telegrey-4-d9d6db","150":"pa_malzeme-kaplama-turu-8001-ochre-brown-91522e","151":"pa_malzeme-kaplama-turu-8002-signal-brown-6e3b30","152":"pa_malzeme-kaplama-turu-8007-fawn-brown-5e331f","153":"pa_malzeme-kaplama-turu-8008-olive-brown-633d24","154":"pa_malzeme-kaplama-turu-8014-sepia-brown-38261c","155":"pa_malzeme-kaplama-turu-8015-chestnut-brown-4d1f1c","156":"pa_malzeme-kaplama-turu-8019-grey-brown-2b2629","157":"pa_malzeme-kaplama-turu-8022-black-brown-0d080d","158":"pa_malzeme-kaplama-turu-8024-beige-brown-6e4030","159":"pa_malzeme-kaplama-turu-8025-pale-brown-664a3d","160":"pa_malzeme-kaplama-turu-9001-cream-fffcf0","161":"pa_malzeme-kaplama-turu-9002-grey-white-f0ede6","162":"pa_malzeme-kaplama-turu-9003-signal-white-ffffff","163":"pa_malzeme-kaplama-turu-9004-signal-black-1c1c21","164":"pa_malzeme-kaplama-turu-9005-jet-black-03050a","165":"pa_malzeme-kaplama-turu-9006-white-aluminium-a6abb5","166":"pa_malzeme-kaplama-turu-9007-grey-aluminium-7d7a78","167":"pa_malzeme-kaplama-turu-9010-pure-white-faffff","168":"pa_malzeme-kaplama-turu-9011-graphite-black-0d121a","169":"pa_malzeme-kaplama-turu-9016-traffic-white-fcffff","170":"pa_malzeme-kaplama-turu-9017-traffic-black-14171c","171":"pa_malzeme-kaplama-turu-9018-papyrus-white-dbe3de","172":"pa_malzeme-kaplama-turu-9022-pearl-light-grey-9c9c9c","173":"pa_malzeme-kaplama-turu-9023-pearl-dark-grey-828282","174":"pa_malzeme-turu-st37-celik","175":"pa_olculer-800x1200x1000h-mm","176":"pa_tasima-kapasitesi-1500-kg","178":"first","179":"instock","180":"shipping-taxable","181":"purchasable","182":"product-type-variable"},"_links":{"self":[{"href":"https:\/\/smardes.shop\/en\/wp-json\/wp\/v2\/product\/6009","targetHints":{"allow":["GET"]}}],"collection":[{"href":"https:\/\/smardes.shop\/en\/wp-json\/wp\/v2\/product"}],"about":[{"href":"https:\/\/smardes.shop\/en\/wp-json\/wp\/v2\/types\/product"}],"replies":[{"embeddable":true,"href":"https:\/\/smardes.shop\/en\/wp-json\/wp\/v2\/comments?post=6009"}],"wp:featuredmedia":[{"embeddable":true,"href":"https:\/\/smardes.shop\/en\/wp-json\/wp\/v2\/media\/5744"}],"wp:attachment":[{"href":"https:\/\/smardes.shop\/en\/wp-json\/wp\/v2\/media?parent=6009"}],"wp:term":[{"taxonomy":"product_brand","embeddable":true,"href":"https:\/\/smardes.shop\/en\/wp-json\/wp\/v2\/product_brand?post=6009"},{"taxonomy":"product_cat","embeddable":true,"href":"https:\/\/smardes.shop\/en\/wp-json\/wp\/v2\/product_cat?post=6009"},{"taxonomy":"product_tag","embeddable":true,"href":"https:\/\/smardes.shop\/en\/wp-json\/wp\/v2\/product_tag?post=6009"},{"taxonomy":"brand","embeddable":true,"href":"https:\/\/smardes.shop\/en\/wp-json\/wp\/v2\/brand?post=6009"}],"curies":[{"name":"wp","href":"https:\/\/api.w.org\/{rel}","templated":true}]}}